{"id":12,"date":"2025-04-03T11:56:38","date_gmt":"2025-04-03T09:56:38","guid":{"rendered":"https:\/\/agencephilibert.fr\/?page_id=12"},"modified":"2025-04-29T17:08:14","modified_gmt":"2025-04-29T15:08:14","slug":"a-propos","status":"publish","type":"page","link":"https:\/\/agencephilibert.fr\/?page_id=12","title":{"rendered":"\u00c0 propos"},"content":{"rendered":"\n<div class=\"wp-block-cover alignfull is-light\" style=\"margin-top:0;margin-bottom:0;padding-top:0px;padding-bottom:80px;min-height:400px;aspect-ratio:unset;\"><img loading=\"lazy\" decoding=\"async\" width=\"1920\" height=\"2560\" class=\"wp-block-cover__image-background wp-image-100 size-full\" alt=\"\" src=\"http:\/\/agencephilibert.fr\/wp-content\/uploads\/2025\/04\/16-scaled.jpg\" style=\"object-position:52% 18%\" data-object-fit=\"cover\" data-object-position=\"52% 18%\" srcset=\"https:\/\/agencephilibert.fr\/wp-content\/uploads\/2025\/04\/16-scaled.jpg 1920w, https:\/\/agencephilibert.fr\/wp-content\/uploads\/2025\/04\/16-225x300.jpg 225w, https:\/\/agencephilibert.fr\/wp-content\/uploads\/2025\/04\/16-768x1024.jpg 768w, https:\/\/agencephilibert.fr\/wp-content\/uploads\/2025\/04\/16-1152x1536.jpg 1152w, https:\/\/agencephilibert.fr\/wp-content\/uploads\/2025\/04\/16-1536x2048.jpg 1536w\" sizes=\"auto, (max-width: 1920px) 100vw, 1920px\" \/><span aria-hidden=\"true\" class=\"wp-block-cover__background has-background-dim-0 has-background-dim\" style=\"background-color:#e9ceb0\"><\/span><div class=\"wp-block-cover__inner-container has-global-padding is-layout-constrained wp-container-core-cover-is-layout-d4c6b484 wp-block-cover-is-layout-constrained\">\n<div style=\"height:67px\" aria-hidden=\"true\" class=\"wp-block-spacer\"><\/div>\n\n\n\n<h1 class=\"wp-block-heading has-text-align-center has-text-color has-link-color has-gasoek-one-font-family wp-elements-830ab3136d1f4f1ae44d879ea37f02e1\" style=\"color:#1b30eb;font-size:clamp(2.671rem, 2.671rem + ((1vw - 0.2rem) * 4.416), 5.1rem);font-style:normal;font-weight:400\">Notre histoire<\/h1>\n<\/div><\/div>\n\n\n\n<section class=\"wp-block-group alignfull has-global-padding is-layout-constrained wp-container-core-group-is-layout-608bbd49 wp-block-group-is-layout-constrained\" style=\"margin-top:0px;padding-top:6rem;padding-right:1rem;padding-bottom:5rem;padding-left:1rem;font-size:clamp(0.875rem, 0.875rem + ((1vw - 0.2rem) * 0.464), 1.13rem);font-style:normal;font-weight:400;line-height:1.4\">\n<div class=\"wp-block-columns is-layout-flex wp-container-core-columns-is-layout-03ad6a19 wp-block-columns-is-layout-flex\" style=\"margin-bottom:0px\">\n<div class=\"wp-block-column is-vertically-aligned-center is-layout-flow wp-block-column-is-layout-flow\" style=\"flex-basis:50%\">\n<figure class=\"wp-block-image alignleft size-full has-custom-border wp-duotone-unset-1\"><img loading=\"lazy\" decoding=\"async\" width=\"1920\" height=\"2560\" src=\"https:\/\/agencephilibert.fr\/wp-content\/uploads\/2025\/04\/IMG_0600-scaled.jpg\" alt=\"\" class=\"wp-image-67\" style=\"border-radius:30px;aspect-ratio:1;object-fit:cover\" srcset=\"https:\/\/agencephilibert.fr\/wp-content\/uploads\/2025\/04\/IMG_0600-scaled.jpg 1920w, https:\/\/agencephilibert.fr\/wp-content\/uploads\/2025\/04\/IMG_0600-225x300.jpg 225w, https:\/\/agencephilibert.fr\/wp-content\/uploads\/2025\/04\/IMG_0600-768x1024.jpg 768w, https:\/\/agencephilibert.fr\/wp-content\/uploads\/2025\/04\/IMG_0600-1152x1536.jpg 1152w, https:\/\/agencephilibert.fr\/wp-content\/uploads\/2025\/04\/IMG_0600-1536x2048.jpg 1536w\" sizes=\"auto, (max-width: 1920px) 100vw, 1920px\" \/><\/figure>\n<\/div>\n\n\n\n<div class=\"wp-block-column is-vertically-aligned-center has-global-padding is-layout-constrained wp-container-core-column-is-layout-c4a7d96a wp-block-column-is-layout-constrained\" style=\"flex-basis:50%\">\n<h3 class=\"wp-block-heading has-text-align-center has-text-color has-background has-gasoek-one-font-family\" style=\"color:#ffffff;background-color:#fa8be5;margin-top:0.5rem;margin-bottom:0rem;font-size:clamp(24.034px, 1.502rem + ((1vw - 3.2px) * 1.814), 40px);font-style:normal;font-weight:400;letter-spacing:0px;line-height:1.3\">Agence Philibert, by Alexandrine Soulier<\/h3>\n\n\n\n<p class=\"has-text-align-center has-text-color has-fraunces-font-family\" style=\"color:#000000;margin-top:20px;margin-bottom:20px;font-size:clamp(14px, 0.875rem + ((1vw - 3.2px) * 0.455), 18px);line-height:1.5\">L\u2019Agence Philibert, c\u2019est une part de mon h\u00e9ritage.<br>Son nom vient d\u2019un lieu cher \u00e0 mon c\u0153ur, l\u00e0 o\u00f9 j\u2019ai v\u00e9cu mes premi\u00e8res fois : apprendre \u00e0 nager, sentir le vent sur un bateau, marcher pieds nus dans le sable, respirer l\u2019air marin, mon premier summer love. Des instants simples, mais grav\u00e9s \u00e0 jamais.<\/p>\n\n\n\n<p class=\"has-text-align-center has-text-color has-fraunces-font-family\" style=\"color:#000000;margin-top:20px;margin-bottom:20px;font-size:clamp(14px, 0.875rem + ((1vw - 3.2px) * 0.455), 18px);line-height:1.5\"><br>Dans le tourbillon de la vie adulte, ce sont ces souvenirs-l\u00e0 qui restent. Avec l\u2019Agence Philibert, je veux offrir \u00e0 vos clients cette m\u00eame intensit\u00e9. Cr\u00e9er des campagnes qui ne se consomment pas, mais qui se vivent.<\/p>\n\n\n\n<p class=\"has-text-align-center has-text-color has-fraunces-font-family\" style=\"color:#000000;margin-top:20px;margin-bottom:20px;font-size:clamp(14px, 0.875rem + ((1vw - 3.2px) * 0.455), 18px);line-height:1.5\"><br>Des campagnes qui marquent les esprits, comme nos premi\u00e8res exp\u00e9riences ont marqu\u00e9 les n\u00f4tres.<\/p>\n\n\n\n<div class=\"wp-block-buttons is-horizontal is-content-justification-center is-layout-flex wp-container-core-buttons-is-layout-a300a970 wp-block-buttons-is-layout-flex\" style=\"margin-top:0.51rem\">\n<div class=\"wp-block-button has-custom-width wp-block-button__width-50 is-style-fill\"><a class=\"wp-block-button__link has-text-color has-background has-system-font-font-family has-custom-font-size wp-element-button\" href=\"https:\/\/agencephilibert.fr\/?page_id=16\" style=\"border-style:none;border-width:0px;border-radius:20rem;color:#fffffd;background-color:#1b30eb;padding-top:0.71rem;padding-right:0.31rem;padding-bottom:0.71rem;padding-left:0.31rem;font-size:clamp(0.875rem, 0.875rem + ((1vw - 0.2rem) * 0.245), 1.01rem);font-style:normal;font-weight:600;letter-spacing:1px;line-height:1.5;text-transform:uppercase\">Nous contacter<\/a><\/div>\n<\/div>\n<\/div>\n<\/div>\n<\/section>\n\n\n\n<div class=\"wp-block-cover alignfull\" style=\"border-radius:100px;padding-top:6rem;padding-bottom:6rem;min-height:839px;aspect-ratio:unset;\"><span aria-hidden=\"true\" class=\"wp-block-cover__background has-background-dim-100 has-background-dim\" style=\"background-color:#1b30eb\"><\/span><div class=\"wp-block-cover__inner-container has-global-padding is-layout-constrained wp-container-core-cover-is-layout-5cbdda46 wp-block-cover-is-layout-constrained\">\n<h2 class=\"wp-block-heading has-text-align-center has-text-color has-link-color has-system-font-font-family wp-elements-12e0305531be8183ce034786729a93fe\" style=\"color:#fa8be5;margin-top:0;margin-right:0;margin-bottom:0;margin-left:0;padding-top:0;padding-right:0;padding-bottom:0;padding-left:0;font-size:clamp(32.064px, 2.004rem + ((1vw - 3.2px) * 2.834), 57px);font-style:normal;font-weight:700;letter-spacing:1px\">Ce que l&rsquo;Agence Philibert vous offre<\/h2>\n\n\n\n<p class=\"has-text-align-center has-text-color has-background has-link-color has-work-sans-regular-font-family wp-elements-8feca6ee43c2f8f41e4fb459ca8b3533\" style=\"border-radius:100px;color:#1b30eb;background-color:#fa8be5;font-size:clamp(15.197px, 0.95rem + ((1vw - 3.2px) * 0.887), 23px);\"><strong><em>Replonger dans l\u2019essentiel, marquer les esprits<\/em><\/strong><\/p>\n\n\n\n<p class=\"has-text-align-center has-fraunces-font-family\">Dans un monde satur\u00e9 d\u2019informations, l&rsquo;agence veut recr\u00e9er des instants sinc\u00e8res et puissants, inspir\u00e9s des souvenirs d\u2019enfance : simples, mais inoubliables.<\/p>\n\n\n\n<p class=\"has-text-align-center has-text-color has-background has-link-color has-work-sans-regular-font-family wp-elements-dea64a4d71cc70eb137db148fa22c748\" style=\"border-radius:100px;color:#1b30eb;background-color:#fa8be5;font-size:clamp(15.197px, 0.95rem + ((1vw - 3.2px) * 0.887), 23px);\"><em><strong>Cr\u00e9er des exp\u00e9riences qui restent<\/strong><\/em><\/p>\n\n\n\n<p class=\"has-text-align-center has-fraunces-font-family\">L\u2019objectif est de concevoir des campagnes qui ne s\u2019oublient pas, qui suscitent de vraies \u00e9motions et laissent une empreinte durable.<\/p>\n\n\n\n<p class=\"has-text-align-center has-text-color has-background has-link-color has-work-sans-regular-font-family wp-elements-b8e21fd8d152e8c91894467218dc1f6c\" style=\"border-style:none;border-width:0px;border-radius:100px;color:#1b30eb;background-color:#fa8be5;font-size:clamp(15.197px, 0.95rem + ((1vw - 3.2px) * 0.887), 23px);\"><strong><em>Faire une pause, ressentir, vivre pleinement<\/em><\/strong><\/p>\n\n\n\n<p class=\"has-text-align-center has-fraunces-font-family\">Dans ce tourbillon du quotidien, nous avons besoin de respirer, de ralentir. Avec l\u2019Agence Philibert, vos clients ne se contenteront pas de consommer une campagne : ils vivront une v\u00e9ritable exp\u00e9rience, unique et marquante. Nous offrons bien plus qu\u2019un message ou un produit, nous cr\u00e9ons des instants qui resteront. L\u2019Agence Philibert, c\u2019est l\u2019essence des souvenirs qui durent.<\/p>\n\n\n\n<div class=\"wp-block-buttons is-horizontal is-content-justification-center is-layout-flex wp-container-core-buttons-is-layout-bb07f847 wp-block-buttons-is-layout-flex\" style=\"margin-top:30px\">\n<div class=\"wp-block-button has-custom-width wp-block-button__width-25 is-style-fill\"><a class=\"wp-block-button__link has-text-color has-background has-system-font-font-family has-custom-font-size wp-element-button\" href=\"https:\/\/agencephilibert.fr\/?page_id=16\" style=\"border-style:none;border-width:0px;border-radius:20rem;color:#fffffd;background-color:#fa8be5;padding-top:0.71rem;padding-right:0.31rem;padding-bottom:0.71rem;padding-left:0.31rem;font-size:clamp(0.875rem, 0.875rem + ((1vw - 0.2rem) * 0.245), 1.01rem);font-style:normal;font-weight:600;letter-spacing:1px;line-height:1.5;text-transform:uppercase\">Nous contacter<\/a><\/div>\n<\/div>\n<\/div><\/div>\n\n\n\n<section class=\"wp-block-group alignfull has-global-padding is-layout-constrained wp-container-core-group-is-layout-8202059b wp-block-group-is-layout-constrained\" style=\"margin-top:0px;padding-top:6rem;padding-right:1rem;padding-bottom:6rem;padding-left:1rem;font-size:clamp(0.875rem, 0.875rem + ((1vw - 0.2rem) * 0.464), 1.13rem);font-style:normal;font-weight:400;line-height:1.4\">\n<div class=\"wp-block-columns is-layout-flex wp-container-core-columns-is-layout-03ad6a19 wp-block-columns-is-layout-flex\" style=\"margin-bottom:0px\">\n<div class=\"wp-block-column is-vertically-aligned-center has-global-padding is-layout-constrained wp-container-core-column-is-layout-c4a7d96a wp-block-column-is-layout-constrained\" style=\"flex-basis:50%\">\n<h3 class=\"wp-block-heading has-text-align-left has-text-color has-system-font-font-family\" style=\"color:#1b30eb;margin-top:0.5rem;margin-bottom:0rem;font-size:clamp(29.768px, 1.861rem + ((1vw - 3.2px) * 2.526), 52px);font-style:normal;font-weight:500;letter-spacing:0px;line-height:1.3\">Nos engagements<\/h3>\n\n\n\n<p class=\"has-text-align-left has-text-color has-fraunces-font-family\" style=\"color:#010101;margin-top:20px;margin-bottom:20px;font-size:clamp(14px, 0.875rem + ((1vw - 3.2px) * 0.455), 18px);\">Vous me briefez, je rassemble l\u2019\u00e9quipe sur-mesure.<br>Je construis l\u2019id\u00e9e cr\u00e9ative, je trace votre fil rouge. Pas de concepts recycl\u00e9s ni de copier-coller : chaque campagne est pens\u00e9e pour vous, et seulement pour vous. <br>Ce qui nous anime ?<br>La cr\u00e9ativit\u00e9 sans compromis, la collaboration authentique, et une int\u00e9grit\u00e9 totale.<br>On cr\u00e9e des liens vrais, qui r\u00e9sonnent avec votre public. Chaque projet est port\u00e9 par la passion et l\u2019envie de faire mieux que pr\u00e9vu. On innove, on teste, on ose \u2014 pour que votre marque reste \u00e0 la pointe et qu\u2019elle se distingue durablement.<br>Je fonctionne en toute transparence, avec une communication claire \u00e0 chaque \u00e9tape.<br>Ensemble, on con\u00e7oit des campagnes qui marquent, qui \u00e9l\u00e8vent votre ambitions et qui laissent une empreinte positive.<br>Votre succ\u00e8s est notre moteur.<\/p>\n\n\n\n<div class=\"wp-block-buttons is-horizontal is-content-justification-left is-layout-flex wp-container-core-buttons-is-layout-2c34cf1c wp-block-buttons-is-layout-flex\" style=\"margin-top:0.51rem\">\n<div class=\"wp-block-button has-custom-width wp-block-button__width-50 is-style-fill\"><a class=\"wp-block-button__link has-text-color has-background has-system-font-font-family has-custom-font-size wp-element-button\" href=\"https:\/\/agencephilibert.fr\/?page_id=14\" style=\"border-style:none;border-width:0px;border-radius:20rem;color:#fffffd;background-color:#1b30eb;padding-top:0.71rem;padding-right:0.31rem;padding-bottom:0.71rem;padding-left:0.31rem;font-size:clamp(0.875rem, 0.875rem + ((1vw - 0.2rem) * 0.245), 1.01rem);font-style:normal;font-weight:600;letter-spacing:1px;line-height:1.5;text-transform:uppercase\">voir nos services<\/a><\/div>\n<\/div>\n<\/div>\n\n\n\n<div class=\"wp-block-column is-vertically-aligned-center is-layout-flow wp-block-column-is-layout-flow\" style=\"flex-basis:50%\">\n<figure class=\"wp-block-image alignright size-full is-resized has-custom-border\"><img loading=\"lazy\" decoding=\"async\" width=\"1920\" height=\"2560\" src=\"https:\/\/agencephilibert.fr\/wp-content\/uploads\/2025\/04\/rachel-springer-dupe-scaled.jpeg\" alt=\"\" class=\"has-border-color has-tertiary-border-color wp-image-68\" style=\"border-width:1px;border-radius:30px;aspect-ratio:1;object-fit:cover;width:463px;height:auto\" srcset=\"https:\/\/agencephilibert.fr\/wp-content\/uploads\/2025\/04\/rachel-springer-dupe-scaled.jpeg 1920w, https:\/\/agencephilibert.fr\/wp-content\/uploads\/2025\/04\/rachel-springer-dupe-225x300.jpeg 225w, https:\/\/agencephilibert.fr\/wp-content\/uploads\/2025\/04\/rachel-springer-dupe-768x1024.jpeg 768w, https:\/\/agencephilibert.fr\/wp-content\/uploads\/2025\/04\/rachel-springer-dupe-1152x1536.jpeg 1152w, https:\/\/agencephilibert.fr\/wp-content\/uploads\/2025\/04\/rachel-springer-dupe-1536x2048.jpeg 1536w\" sizes=\"auto, (max-width: 1920px) 100vw, 1920px\" \/><\/figure>\n<\/div>\n<\/div>\n<\/section>\n","protected":false},"excerpt":{"rendered":"<p>Agence Philibert, by Alexandrine Soulier L\u2019Agence Philibert, c\u2019est une part de mon h\u00e9ritage.Son nom vient d\u2019un lieu cher \u00e0 mon c\u0153ur, l\u00e0 o\u00f9 j\u2019ai v\u00e9cu mes premi\u00e8res fois : apprendre \u00e0 nager, sentir le vent sur un bateau, marcher pieds nus dans le sable, respirer l\u2019air marin, mon premier summer love. Des instants simples, mais [&hellip;]<\/p>\n","protected":false},"author":1,"featured_media":0,"parent":0,"menu_order":0,"comment_status":"closed","ping_status":"closed","template":"","meta":{"footnotes":""},"class_list":["post-12","page","type-page","status-publish","hentry"],"yoast_head":"<!-- This site is optimized with the Yoast SEO plugin v26.0 - https:\/\/yoast.com\/wordpress\/plugins\/seo\/ -->\n<title>\u00c0 propos - Agence Philibert<\/title>\n<meta name=\"robots\" content=\"index, follow, max-snippet:-1, max-image-preview:large, max-video-preview:-1\" \/>\n<link rel=\"canonical\" href=\"https:\/\/agencephilibert.fr\/?page_id=12\" \/>\n<meta property=\"og:locale\" content=\"fr_FR\" \/>\n<meta property=\"og:type\" content=\"article\" \/>\n<meta property=\"og:title\" content=\"\u00c0 propos - Agence Philibert\" \/>\n<meta property=\"og:description\" content=\"Agence Philibert, by Alexandrine Soulier L\u2019Agence Philibert, c\u2019est une part de mon h\u00e9ritage.Son nom vient d\u2019un lieu cher \u00e0 mon c\u0153ur, l\u00e0 o\u00f9 j\u2019ai v\u00e9cu mes premi\u00e8res fois : apprendre \u00e0 nager, sentir le vent sur un bateau, marcher pieds nus dans le sable, respirer l\u2019air marin, mon premier summer love. Des instants simples, mais [&hellip;]\" \/>\n<meta property=\"og:url\" content=\"https:\/\/agencephilibert.fr\/?page_id=12\" \/>\n<meta property=\"og:site_name\" content=\"Agence Philibert\" \/>\n<meta property=\"article:modified_time\" content=\"2025-04-29T15:08:14+00:00\" \/>\n<meta property=\"og:image\" content=\"https:\/\/agencephilibert.fr\/wp-content\/uploads\/2025\/04\/16-scaled.jpg\" \/>\n\t<meta property=\"og:image:width\" content=\"1920\" \/>\n\t<meta property=\"og:image:height\" content=\"2560\" \/>\n\t<meta property=\"og:image:type\" content=\"image\/jpeg\" \/>\n<meta name=\"twitter:card\" content=\"summary_large_image\" \/>\n<meta name=\"twitter:label1\" content=\"Dur\u00e9e de lecture estim\u00e9e\" \/>\n\t<meta name=\"twitter:data1\" content=\"2 minutes\" \/>\n<script type=\"application\/ld+json\" class=\"yoast-schema-graph\">{\"@context\":\"https:\/\/schema.org\",\"@graph\":[{\"@type\":\"WebPage\",\"@id\":\"https:\/\/agencephilibert.fr\/?page_id=12\",\"url\":\"https:\/\/agencephilibert.fr\/?page_id=12\",\"name\":\"\u00c0 propos - Agence Philibert\",\"isPartOf\":{\"@id\":\"https:\/\/agencephilibert.fr\/#website\"},\"primaryImageOfPage\":{\"@id\":\"https:\/\/agencephilibert.fr\/?page_id=12#primaryimage\"},\"image\":{\"@id\":\"https:\/\/agencephilibert.fr\/?page_id=12#primaryimage\"},\"thumbnailUrl\":\"http:\/\/agencephilibert.fr\/wp-content\/uploads\/2025\/04\/16-scaled.jpg\",\"datePublished\":\"2025-04-03T09:56:38+00:00\",\"dateModified\":\"2025-04-29T15:08:14+00:00\",\"breadcrumb\":{\"@id\":\"https:\/\/agencephilibert.fr\/?page_id=12#breadcrumb\"},\"inLanguage\":\"fr-FR\",\"potentialAction\":[{\"@type\":\"ReadAction\",\"target\":[\"https:\/\/agencephilibert.fr\/?page_id=12\"]}]},{\"@type\":\"ImageObject\",\"inLanguage\":\"fr-FR\",\"@id\":\"https:\/\/agencephilibert.fr\/?page_id=12#primaryimage\",\"url\":\"https:\/\/agencephilibert.fr\/wp-content\/uploads\/2025\/04\/16-scaled.jpg\",\"contentUrl\":\"https:\/\/agencephilibert.fr\/wp-content\/uploads\/2025\/04\/16-scaled.jpg\",\"width\":1920,\"height\":2560},{\"@type\":\"BreadcrumbList\",\"@id\":\"https:\/\/agencephilibert.fr\/?page_id=12#breadcrumb\",\"itemListElement\":[{\"@type\":\"ListItem\",\"position\":1,\"name\":\"Accueil\",\"item\":\"https:\/\/agencephilibert.fr\/\"},{\"@type\":\"ListItem\",\"position\":2,\"name\":\"\u00c0 propos\"}]},{\"@type\":\"WebSite\",\"@id\":\"https:\/\/agencephilibert.fr\/#website\",\"url\":\"https:\/\/agencephilibert.fr\/\",\"name\":\"Agence Philibert\",\"description\":\"Agence de Marketing et Communication cr\u00e9ative\",\"publisher\":{\"@id\":\"https:\/\/agencephilibert.fr\/#organization\"},\"potentialAction\":[{\"@type\":\"SearchAction\",\"target\":{\"@type\":\"EntryPoint\",\"urlTemplate\":\"https:\/\/agencephilibert.fr\/?s={search_term_string}\"},\"query-input\":{\"@type\":\"PropertyValueSpecification\",\"valueRequired\":true,\"valueName\":\"search_term_string\"}}],\"inLanguage\":\"fr-FR\"},{\"@type\":\"Organization\",\"@id\":\"https:\/\/agencephilibert.fr\/#organization\",\"name\":\"Agence-Philibert\",\"url\":\"https:\/\/agencephilibert.fr\/\",\"logo\":{\"@type\":\"ImageObject\",\"inLanguage\":\"fr-FR\",\"@id\":\"https:\/\/agencephilibert.fr\/#\/schema\/logo\/image\/\",\"url\":\"https:\/\/agencephilibert.fr\/wp-content\/uploads\/2025\/04\/LOGO-PRINCIPAL-BLEU@4x.png\",\"contentUrl\":\"https:\/\/agencephilibert.fr\/wp-content\/uploads\/2025\/04\/LOGO-PRINCIPAL-BLEU@4x.png\",\"width\":1672,\"height\":596,\"caption\":\"Agence-Philibert\"},\"image\":{\"@id\":\"https:\/\/agencephilibert.fr\/#\/schema\/logo\/image\/\"}}]}<\/script>\n<!-- \/ Yoast SEO plugin. -->","yoast_head_json":{"title":"\u00c0 propos - Agence Philibert","robots":{"index":"index","follow":"follow","max-snippet":"max-snippet:-1","max-image-preview":"max-image-preview:large","max-video-preview":"max-video-preview:-1"},"canonical":"https:\/\/agencephilibert.fr\/?page_id=12","og_locale":"fr_FR","og_type":"article","og_title":"\u00c0 propos - Agence Philibert","og_description":"Agence Philibert, by Alexandrine Soulier L\u2019Agence Philibert, c\u2019est une part de mon h\u00e9ritage.Son nom vient d\u2019un lieu cher \u00e0 mon c\u0153ur, l\u00e0 o\u00f9 j\u2019ai v\u00e9cu mes premi\u00e8res fois : apprendre \u00e0 nager, sentir le vent sur un bateau, marcher pieds nus dans le sable, respirer l\u2019air marin, mon premier summer love. Des instants simples, mais [&hellip;]","og_url":"https:\/\/agencephilibert.fr\/?page_id=12","og_site_name":"Agence Philibert","article_modified_time":"2025-04-29T15:08:14+00:00","og_image":[{"width":1920,"height":2560,"url":"https:\/\/agencephilibert.fr\/wp-content\/uploads\/2025\/04\/16-scaled.jpg","type":"image\/jpeg"}],"twitter_card":"summary_large_image","twitter_misc":{"Dur\u00e9e de lecture estim\u00e9e":"2 minutes"},"schema":{"@context":"https:\/\/schema.org","@graph":[{"@type":"WebPage","@id":"https:\/\/agencephilibert.fr\/?page_id=12","url":"https:\/\/agencephilibert.fr\/?page_id=12","name":"\u00c0 propos - Agence Philibert","isPartOf":{"@id":"https:\/\/agencephilibert.fr\/#website"},"primaryImageOfPage":{"@id":"https:\/\/agencephilibert.fr\/?page_id=12#primaryimage"},"image":{"@id":"https:\/\/agencephilibert.fr\/?page_id=12#primaryimage"},"thumbnailUrl":"http:\/\/agencephilibert.fr\/wp-content\/uploads\/2025\/04\/16-scaled.jpg","datePublished":"2025-04-03T09:56:38+00:00","dateModified":"2025-04-29T15:08:14+00:00","breadcrumb":{"@id":"https:\/\/agencephilibert.fr\/?page_id=12#breadcrumb"},"inLanguage":"fr-FR","potentialAction":[{"@type":"ReadAction","target":["https:\/\/agencephilibert.fr\/?page_id=12"]}]},{"@type":"ImageObject","inLanguage":"fr-FR","@id":"https:\/\/agencephilibert.fr\/?page_id=12#primaryimage","url":"https:\/\/agencephilibert.fr\/wp-content\/uploads\/2025\/04\/16-scaled.jpg","contentUrl":"https:\/\/agencephilibert.fr\/wp-content\/uploads\/2025\/04\/16-scaled.jpg","width":1920,"height":2560},{"@type":"BreadcrumbList","@id":"https:\/\/agencephilibert.fr\/?page_id=12#breadcrumb","itemListElement":[{"@type":"ListItem","position":1,"name":"Accueil","item":"https:\/\/agencephilibert.fr\/"},{"@type":"ListItem","position":2,"name":"\u00c0 propos"}]},{"@type":"WebSite","@id":"https:\/\/agencephilibert.fr\/#website","url":"https:\/\/agencephilibert.fr\/","name":"Agence Philibert","description":"Agence de Marketing et Communication cr\u00e9ative","publisher":{"@id":"https:\/\/agencephilibert.fr\/#organization"},"potentialAction":[{"@type":"SearchAction","target":{"@type":"EntryPoint","urlTemplate":"https:\/\/agencephilibert.fr\/?s={search_term_string}"},"query-input":{"@type":"PropertyValueSpecification","valueRequired":true,"valueName":"search_term_string"}}],"inLanguage":"fr-FR"},{"@type":"Organization","@id":"https:\/\/agencephilibert.fr\/#organization","name":"Agence-Philibert","url":"https:\/\/agencephilibert.fr\/","logo":{"@type":"ImageObject","inLanguage":"fr-FR","@id":"https:\/\/agencephilibert.fr\/#\/schema\/logo\/image\/","url":"https:\/\/agencephilibert.fr\/wp-content\/uploads\/2025\/04\/LOGO-PRINCIPAL-BLEU@4x.png","contentUrl":"https:\/\/agencephilibert.fr\/wp-content\/uploads\/2025\/04\/LOGO-PRINCIPAL-BLEU@4x.png","width":1672,"height":596,"caption":"Agence-Philibert"},"image":{"@id":"https:\/\/agencephilibert.fr\/#\/schema\/logo\/image\/"}}]}},"_links":{"self":[{"href":"https:\/\/agencephilibert.fr\/index.php?rest_route=\/wp\/v2\/pages\/12","targetHints":{"allow":["GET"]}}],"collection":[{"href":"https:\/\/agencephilibert.fr\/index.php?rest_route=\/wp\/v2\/pages"}],"about":[{"href":"https:\/\/agencephilibert.fr\/index.php?rest_route=\/wp\/v2\/types\/page"}],"author":[{"embeddable":true,"href":"https:\/\/agencephilibert.fr\/index.php?rest_route=\/wp\/v2\/users\/1"}],"replies":[{"embeddable":true,"href":"https:\/\/agencephilibert.fr\/index.php?rest_route=%2Fwp%2Fv2%2Fcomments&post=12"}],"version-history":[{"count":37,"href":"https:\/\/agencephilibert.fr\/index.php?rest_route=\/wp\/v2\/pages\/12\/revisions"}],"predecessor-version":[{"id":570,"href":"https:\/\/agencephilibert.fr\/index.php?rest_route=\/wp\/v2\/pages\/12\/revisions\/570"}],"wp:attachment":[{"href":"https:\/\/agencephilibert.fr\/index.php?rest_route=%2Fwp%2Fv2%2Fmedia&parent=12"}],"curies":[{"name":"wp","href":"https:\/\/api.w.org\/{rel}","templated":true}]}}